{"id":11012,"date":"2024-11-14T15:28:54","date_gmt":"2024-11-14T15:28:54","guid":{"rendered":"http:\/\/suio.com.uy\/suionew\/?page_id=11012"},"modified":"2024-11-26T21:39:54","modified_gmt":"2024-11-26T21:39:54","slug":"sobre-suio","status":"publish","type":"page","link":"https:\/\/suio.com.uy\/suionew\/index.php\/sobre-suio\/","title":{"rendered":"Sobre SUIO"},"content":{"rendered":"\t\t<div data-elementor-type=\"wp-page\" data-elementor-id=\"11012\" class=\"elementor elementor-11012\">\n\t\t\t\t<div class=\"elementor-element elementor-element-8f8594a e-flex e-con-boxed e-con e-parent\" data-id=\"8f8594a\" data-element_type=\"container\">\n\t\t\t\t\t<div class=\"e-con-inner\">\n\t\t\t\t<div class=\"elementor-element elementor-element-92d5b46 elementor-widget elementor-widget-text-editor\" data-id=\"92d5b46\" data-element_type=\"widget\" data-widget_type=\"text-editor.default\">\n\t\t\t\t<div class=\"elementor-widget-container\">\n\t\t\t\t\t\t\t<p>La\u00a0<strong>Sociedad Uruguaya de Investigaci\u00f3n Odontol\u00f3gica (SUIO)<\/strong>\u00a0fue fundada el 11 de agosto de 2006 como una sociedad civil sin fines de lucro, con el objetivo de integrar a los investigadores uruguayos en la comunidad cient\u00edfica odontol\u00f3gica regional e internacional. Representativa de docentes, estudiantes, posgraduados e investigadores en odontolog\u00eda y ramas afines, SUIO promueve el fortalecimiento y la difusi\u00f3n de la investigaci\u00f3n tanto cient\u00edfica como social. Su sede permanente se encuentra en Montevideo, Rep\u00fablica Oriental del Uruguay.<\/p><p>\u00a0<\/p><p>Desde su creaci\u00f3n, SUIO ha organizado de manera ininterrumpida <strong>Reuniones Anuales<\/strong>, que sirven como espacio para la presentaci\u00f3n y discusi\u00f3n de investigaciones realizadas en las \u00e1reas odontol\u00f3gicas b\u00e1sica y cl\u00ednica aplicada. Estas reuniones se estructuran en cap\u00edtulos espec\u00edficos, como el <strong>Cap\u00edtulo Estudiantil<\/strong>, enfocado en proyectos y trabajos de grado;\u00a0<strong>Proyectos<\/strong>, que pueden estar vinculados a programas de posgrado; <strong>Trabajos Terminados<\/strong>, que incluyen investigaciones con resultados preliminares o finales a\u00fan no publicados;\u00a0<strong>Posters<\/strong>, para proyectos y\/o investigaciones con resultados; y <strong>Difusi\u00f3n<\/strong>, donde se comparten novedades, trabajos de ense\u00f1anza, extensi\u00f3n y temas de impacto social relacionados con la salud bucal.<\/p><p>\u00a0<\/p><p>En 2010, SUIO pas\u00f3 de ser una secci\u00f3n de la\u00a0<strong>International Association for Dental Research (IADR)<\/strong>\u00a0a convertirse en una Divisi\u00f3n, consolidando su impacto en la\u00a0\u00a0Regi\u00f3n de Am\u00e9rica Latina\u00a0(LAR). A lo largo de los a\u00f1os, ha recibido premios locales, regionales e internacionales, y ha trabajado en estrecha colaboraci\u00f3n con las dos universidades del pa\u00eds, estatal y privada, que apoyan su misi\u00f3n de impulsar el desarrollo humano, cient\u00edfico y tecnol\u00f3gico.<\/p><p>\u00a0<\/p><p>SUIO impulsa el intercambio de experiencias en investigaci\u00f3n entre sus miembros, promoviendo su participaci\u00f3n en programas nacionales, regionales e internacionales, adem\u00e1s de facilitar el acceso y la difusi\u00f3n de nuevos conocimientos. La sociedad fomenta el fortalecimiento de v\u00ednculos con equipos multidisciplinarios de otros pa\u00edses, generando colaboraciones internacionales. Asimismo, apoya a nuevos investigadores y proyectos innovadores, contribuyendo al avance de la investigaci\u00f3n en salud bucal en Uruguay y en la regi\u00f3n.<\/p><p>\u00a0<\/p>\t\t\t\t\t\t<\/div>\n\t\t\t\t<\/div>\n\t\t\t\t\t<\/div>\n\t\t\t\t<\/div>\n\t\t\t\t<\/div>\n\t\t","protected":false},"excerpt":{"rendered":"<p class=\"tmnf_excerpt\">La\u00a0Sociedad Uruguaya de Investigaci\u00f3n Odontol\u00f3gica (SUIO)\u00a0fue fundada el 11 de agosto de 2006 como una sociedad civil sin fines de lucro, con el objetivo de integrar a los investigadores uruguayos en la comunidad cient\u00edfica odontol\u00f3gica regional e internacional. Representativa de docentes, estudiantes, posgraduados e investigadores en odontolog\u00eda y ramas afines, SUIO promueve el fortalecimiento y\n<\/p>","protected":false},"author":1,"featured_media":0,"parent":0,"menu_order":0,"comment_status":"closed","ping_status":"closed","template":"","meta":{"footnotes":""},"class_list":["post-11012","page","type-page","status-publish","hentry"],"_links":{"self":[{"href":"https:\/\/suio.com.uy\/suionew\/index.php\/wp-json\/wp\/v2\/pages\/11012","targetHints":{"allow":["GET"]}}],"collection":[{"href":"https:\/\/suio.com.uy\/suionew\/index.php\/wp-json\/wp\/v2\/pages"}],"about":[{"href":"https:\/\/suio.com.uy\/suionew\/index.php\/wp-json\/wp\/v2\/types\/page"}],"author":[{"embeddable":true,"href":"https:\/\/suio.com.uy\/suionew\/index.php\/wp-json\/wp\/v2\/users\/1"}],"replies":[{"embeddable":true,"href":"https:\/\/suio.com.uy\/suionew\/index.php\/wp-json\/wp\/v2\/comments?post=11012"}],"version-history":[{"count":29,"href":"https:\/\/suio.com.uy\/suionew\/index.php\/wp-json\/wp\/v2\/pages\/11012\/revisions"}],"predecessor-version":[{"id":11818,"href":"https:\/\/suio.com.uy\/suionew\/index.php\/wp-json\/wp\/v2\/pages\/11012\/revisions\/11818"}],"wp:attachment":[{"href":"https:\/\/suio.com.uy\/suionew\/index.php\/wp-json\/wp\/v2\/media?parent=11012"}],"curies":[{"name":"wp","href":"https:\/\/api.w.org\/{rel}","templated":true}]}}