{"id":11192,"date":"2024-11-15T00:53:09","date_gmt":"2024-11-15T00:53:09","guid":{"rendered":"http:\/\/suio.com.uy\/suionew\/?page_id=11192"},"modified":"2026-04-07T21:57:14","modified_gmt":"2026-04-07T21:57:14","slug":"reuniones-anteriores","status":"publish","type":"page","link":"https:\/\/suio.com.uy\/suionew\/index.php\/reuniones-anteriores\/","title":{"rendered":"Reuniones Anteriores"},"content":{"rendered":"\t\t<div data-elementor-type=\"wp-page\" data-elementor-id=\"11192\" class=\"elementor elementor-11192\">\n\t\t\t\t<div class=\"elementor-element elementor-element-785f249 e-flex e-con-boxed e-con e-parent\" data-id=\"785f249\" data-element_type=\"container\">\n\t\t\t\t\t<div class=\"e-con-inner\">\n\t\t\t\t<div class=\"elementor-element elementor-element-aed0074 elementor-widget elementor-widget-heading\" data-id=\"aed0074\" data-element_type=\"widget\" data-widget_type=\"heading.default\">\n\t\t\t\t<div class=\"elementor-widget-container\">\n\t\t\t<h2 class=\"elementor-heading-title elementor-size-default\"><h2 data-elementor-setting-key=\"title\" data-pen-placeholder=\"Teclea aqu\u00ed...\" style=\"font-size: 37.8px;text-align: center\">Libros de Abstracts<span style=\"font-family: Onest;font-size: 37.8px;font-style: normal;font-weight: 700;text-align: var(--text-align)\"><\/span><\/h2><\/h2>\t\t<\/div>\n\t\t\t\t<\/div>\n\t\t\t\t\t<\/div>\n\t\t\t\t<\/div>\n\t\t<div class=\"elementor-element elementor-element-9912b4a e-flex e-con-boxed e-con e-parent\" data-id=\"9912b4a\" data-element_type=\"container\">\n\t\t\t\t\t<div class=\"e-con-inner\">\n\t\t\t\t<div class=\"elementor-element elementor-element-d21bbf3 elementor-widget elementor-widget-text-editor\" data-id=\"d21bbf3\" data-element_type=\"widget\" data-widget_type=\"text-editor.default\">\n\t\t\t\t<div class=\"elementor-widget-container\">\n\t\t\t\t\t\t\t<p style=\"text-align: center;\">Click para acceder a los programas<\/p>\t\t\t\t\t\t<\/div>\n\t\t\t\t<\/div>\n\t\t\t\t\t<\/div>\n\t\t\t\t<\/div>\n\t\t<div class=\"elementor-element elementor-element-b9db033 e-grid e-con-boxed e-con e-parent\" data-id=\"b9db033\" data-element_type=\"container\">\n\t\t\t\t\t<div class=\"e-con-inner\">\n\t\t\t\t<div class=\"elementor-element elementor-element-6d26b30 elementor-widget elementor-widget-text-editor\" data-id=\"6d26b30\" data-element_type=\"widget\" data-widget_type=\"text-editor.default\">\n\t\t\t\t<div class=\"elementor-widget-container\">\n\t\t\t\t\t\t\t<p style=\"text-align: center;\"><a href=\"https:\/\/suio.com.uy\/suionew\/wp-content\/uploads\/2025\/08\/LIBRILLO-XX-SUIO.pdf\"><span style=\"color: #0000ff;\"><strong>XX <\/strong><\/span><span style=\"color: #0000ff;\"><strong>REUNI\u00d3N ANUAL<\/strong><\/span><\/a><\/p><p style=\"text-align: center;\"><strong>15 y 16 de Agosto 2025<\/strong><\/p><p style=\"text-align: center;\"><strong>Hotel NH Columbia<\/strong><\/p>\t\t\t\t\t\t<\/div>\n\t\t\t\t<\/div>\n\t\t\t\t<div class=\"elementor-element elementor-element-5dfecb4 elementor-widget elementor-widget-text-editor\" data-id=\"5dfecb4\" data-element_type=\"widget\" data-widget_type=\"text-editor.default\">\n\t\t\t\t<div class=\"elementor-widget-container\">\n\t\t\t\t\t\t\t<p style=\"text-align: center;\"><a href=\"https:\/\/suio.com.uy\/suionew\/wp-content\/uploads\/2024\/11\/XIX-2024.pdf\"><span style=\"color: #0000ff;\"><strong>XIX <\/strong><\/span><span style=\"color: #0000ff;\"><strong>REUNI\u00d3N ANUAL<\/strong><\/span><\/a><\/p><p style=\"text-align: center;\"><strong>16 y 17 de Agosto 2024<\/strong><\/p><p style=\"text-align: center;\"><strong>UCU Business School, Ucudal<\/strong><\/p>\t\t\t\t\t\t<\/div>\n\t\t\t\t<\/div>\n\t\t\t\t<div class=\"elementor-element elementor-element-9a7fd87 elementor-widget elementor-widget-text-editor\" data-id=\"9a7fd87\" data-element_type=\"widget\" data-widget_type=\"text-editor.default\">\n\t\t\t\t<div class=\"elementor-widget-container\">\n\t\t\t\t\t\t\t<p style=\"text-align: center;\"><a href=\"https:\/\/suio.com.uy\/suionew\/wp-content\/uploads\/2024\/11\/XVIII-2023.pdf\"><span style=\"color: #0000ff;\"><strong>XVIII <\/strong><\/span><span style=\"color: #0000ff;\"><strong>REUNI\u00d3N ANUAL<\/strong><\/span><\/a><\/p><p style=\"text-align: center;\"><strong>18 y 19 de Agosto 2023<\/strong><\/p><p style=\"text-align: center;\"><strong>Facultad de Odontolog\u00eda, Udelar<\/strong><\/p>\t\t\t\t\t\t<\/div>\n\t\t\t\t<\/div>\n\t\t\t\t<div class=\"elementor-element elementor-element-e421cf3 elementor-widget elementor-widget-text-editor\" data-id=\"e421cf3\" data-element_type=\"widget\" data-widget_type=\"text-editor.default\">\n\t\t\t\t<div class=\"elementor-widget-container\">\n\t\t\t\t\t\t\t<p style=\"text-align: center;\"><a href=\"https:\/\/suio.com.uy\/suionew\/wp-content\/uploads\/2024\/11\/XVII-2022-1.pdf\"><span style=\"color: #0000ff;\"><strong>XVII <\/strong><\/span><\/a><a href=\"https:\/\/suio.com.uy\/suionew\/wp-content\/uploads\/2024\/11\/XVI-2021.pdf\"><span style=\"color: #0000ff;\"><strong>REUNI\u00d3N ANUAL<\/strong><\/span><\/a><\/p><p style=\"text-align: center;\"><strong>12 y 13 de Agosto 2022<\/strong><\/p><p style=\"text-align: center;\"><strong>Virtual<\/strong><\/p>\t\t\t\t\t\t<\/div>\n\t\t\t\t<\/div>\n\t\t\t\t<div class=\"elementor-element elementor-element-bc9590c elementor-widget elementor-widget-text-editor\" data-id=\"bc9590c\" data-element_type=\"widget\" data-widget_type=\"text-editor.default\">\n\t\t\t\t<div class=\"elementor-widget-container\">\n\t\t\t\t\t\t\t<p style=\"text-align: center;\"><a href=\"https:\/\/suio.com.uy\/suionew\/wp-content\/uploads\/2024\/11\/XVI-2021.pdf\"><span style=\"color: #0000ff;\"><strong>XVI REUNI\u00d3N ANUAL<\/strong><\/span><\/a><\/p><p style=\"text-align: center;\"><strong>12 de Octubre 2021<\/strong><\/p><p style=\"text-align: center;\"><strong>Virtual<\/strong><\/p>\t\t\t\t\t\t<\/div>\n\t\t\t\t<\/div>\n\t\t\t\t<div class=\"elementor-element elementor-element-8c8d277 elementor-widget elementor-widget-text-editor\" data-id=\"8c8d277\" data-element_type=\"widget\" data-widget_type=\"text-editor.default\">\n\t\t\t\t<div class=\"elementor-widget-container\">\n\t\t\t\t\t\t\t<p style=\"text-align: center;\"><a href=\"https:\/\/suio.com.uy\/suionew\/wp-content\/uploads\/2024\/11\/XV-suio-2020.pdf\"><span style=\"color: #0000ff;\"><strong>XV REUNI\u00d3N ANUAL<\/strong><\/span><\/a><\/p><p style=\"text-align: center;\"><strong>14 y 15 de Agosto 2020<\/strong><\/p><p style=\"text-align: center;\"><strong>Virtual<\/strong><\/p>\t\t\t\t\t\t<\/div>\n\t\t\t\t<\/div>\n\t\t\t\t<div class=\"elementor-element elementor-element-765417a elementor-widget elementor-widget-text-editor\" data-id=\"765417a\" data-element_type=\"widget\" data-widget_type=\"text-editor.default\">\n\t\t\t\t<div class=\"elementor-widget-container\">\n\t\t\t\t\t\t\t<p style=\"text-align: center;\"><span style=\"color: #0000ff;\"><a style=\"color: #0000ff;\" href=\"https:\/\/suio.com.uy\/suionew\/wp-content\/uploads\/2024\/11\/XIV-2019.pdf\"><strong>XIV REUNI\u00d3N ANUAL<\/strong><\/a><\/span><\/p><p style=\"text-align: center;\"><strong>16 y 17 de Agosto 2019<\/strong><\/p><p style=\"text-align: center;\"><strong>Hotel Four Points<\/strong><\/p>\t\t\t\t\t\t<\/div>\n\t\t\t\t<\/div>\n\t\t\t\t<div class=\"elementor-element elementor-element-2a7bd47 elementor-widget elementor-widget-text-editor\" data-id=\"2a7bd47\" data-element_type=\"widget\" data-widget_type=\"text-editor.default\">\n\t\t\t\t<div class=\"elementor-widget-container\">\n\t\t\t\t\t\t\t<p style=\"text-align: center;\"><span style=\"color: #0000ff;\"><a style=\"color: #0000ff;\" href=\"https:\/\/suio.com.uy\/suionew\/wp-content\/uploads\/2024\/11\/XIII-2018.pdf\"><strong>XIII REUNI\u00d3N ANUAL<br \/>VII Congreso LAR &#8211; IADR <\/strong><\/a><\/span><\/p><p style=\"text-align: center;\"><strong>30, 31 de Agosto y 1 de Setiembre 2018<\/strong><\/p><p style=\"text-align: center;\"><strong>Hotel Sheraton<\/strong><\/p>\t\t\t\t\t\t<\/div>\n\t\t\t\t<\/div>\n\t\t\t\t<div class=\"elementor-element elementor-element-d7fe101 elementor-widget elementor-widget-text-editor\" data-id=\"d7fe101\" data-element_type=\"widget\" data-widget_type=\"text-editor.default\">\n\t\t\t\t<div class=\"elementor-widget-container\">\n\t\t\t\t\t\t\t<p style=\"text-align: center;\"><span style=\"color: #0000ff;\"><a style=\"color: #0000ff;\" href=\"https:\/\/suio.com.uy\/suionew\/wp-content\/uploads\/2024\/11\/XII-2017.pdf\"><strong>XII REUNI\u00d3N ANUAL<\/strong><\/a><\/span><\/p><p style=\"text-align: center;\"><strong>11 y 12 de Agosto 2017<\/strong><\/p><p style=\"text-align: center;\"><strong>Hotel NH Columbia<\/strong><\/p>\t\t\t\t\t\t<\/div>\n\t\t\t\t<\/div>\n\t\t\t\t<div class=\"elementor-element elementor-element-54e6b9d elementor-widget elementor-widget-text-editor\" data-id=\"54e6b9d\" data-element_type=\"widget\" data-widget_type=\"text-editor.default\">\n\t\t\t\t<div class=\"elementor-widget-container\">\n\t\t\t\t\t\t\t<p style=\"text-align: center;\"><span style=\"color: #0000ff;\"><a style=\"color: #0000ff;\" href=\"https:\/\/suio.com.uy\/suionew\/wp-content\/uploads\/2024\/11\/XI-2016.pdf\"><strong>XI REUNI\u00d3N ANUAL<\/strong><\/a><\/span><\/p><p style=\"text-align: center;\"><strong>12 y 13 de Agosto 2016<\/strong><\/p><p style=\"text-align: center;\"><strong>Hotel NH Columbia<\/strong><\/p>\t\t\t\t\t\t<\/div>\n\t\t\t\t<\/div>\n\t\t\t\t<div class=\"elementor-element elementor-element-59d9e9e elementor-widget elementor-widget-text-editor\" data-id=\"59d9e9e\" data-element_type=\"widget\" data-widget_type=\"text-editor.default\">\n\t\t\t\t<div class=\"elementor-widget-container\">\n\t\t\t\t\t\t\t<p style=\"text-align: center;\"><span style=\"color: #0000ff;\"><a style=\"color: #0000ff;\" href=\"https:\/\/suio.com.uy\/suionew\/wp-content\/uploads\/2024\/11\/X-2015.pdf\"><strong>X REUNI\u00d3N ANUAL<\/strong><\/a><\/span><\/p><p style=\"text-align: center;\"><strong>7 y 8 de Agosto 2015<\/strong><\/p><p style=\"text-align: center;\"><strong>Hotel NH Columbia<\/strong><\/p>\t\t\t\t\t\t<\/div>\n\t\t\t\t<\/div>\n\t\t\t\t<div class=\"elementor-element elementor-element-d0684a1 elementor-widget elementor-widget-text-editor\" data-id=\"d0684a1\" data-element_type=\"widget\" data-widget_type=\"text-editor.default\">\n\t\t\t\t<div class=\"elementor-widget-container\">\n\t\t\t\t\t\t\t<p style=\"text-align: center;\"><span style=\"color: #0000ff;\"><a style=\"color: #0000ff;\" href=\"https:\/\/suio.com.uy\/suionew\/wp-content\/uploads\/2024\/11\/IX-2014.pdf\"><strong>IX REUNI\u00d3N ANUAL<\/strong><\/a><\/span><\/p><p style=\"text-align: center;\"><strong>8 y 9 de Agosto 2014<\/strong><\/p><p style=\"text-align: center;\"><strong>Hotel NH Columbia<\/strong><\/p>\t\t\t\t\t\t<\/div>\n\t\t\t\t<\/div>\n\t\t\t\t<div class=\"elementor-element elementor-element-c947f93 elementor-widget elementor-widget-text-editor\" data-id=\"c947f93\" data-element_type=\"widget\" data-widget_type=\"text-editor.default\">\n\t\t\t\t<div class=\"elementor-widget-container\">\n\t\t\t\t\t\t\t<p style=\"text-align: center;\"><span style=\"color: #0000ff;\"><a style=\"color: #0000ff;\" href=\"https:\/\/suio.com.uy\/suionew\/wp-content\/uploads\/2024\/11\/VIII-2013.pdf\"><strong>VIII REUNI\u00d3N ANUAL<\/strong><\/a><\/span><\/p><p style=\"text-align: center;\"><strong>9 y 10 de Agosto 2013<\/strong><\/p><p style=\"text-align: center;\"><strong>Hotel NH Columbia<\/strong><\/p>\t\t\t\t\t\t<\/div>\n\t\t\t\t<\/div>\n\t\t\t\t<div class=\"elementor-element elementor-element-e11e961 elementor-widget elementor-widget-text-editor\" data-id=\"e11e961\" data-element_type=\"widget\" data-widget_type=\"text-editor.default\">\n\t\t\t\t<div class=\"elementor-widget-container\">\n\t\t\t\t\t\t\t<p style=\"text-align: center;\"><span style=\"color: #0000ff;\"><a style=\"color: #0000ff;\" href=\"https:\/\/suio.com.uy\/suionew\/wp-content\/uploads\/2024\/11\/VII-2012.pdf\"><strong>VII REUNI\u00d3N ANUAL<\/strong><\/a><\/span><\/p><p style=\"text-align: center;\"><strong>26 de Mayo 2012<\/strong><\/p><p style=\"text-align: center;\"><strong>Hotel NH Columbia<\/strong><\/p>\t\t\t\t\t\t<\/div>\n\t\t\t\t<\/div>\n\t\t\t\t<div class=\"elementor-element elementor-element-53dfc26 elementor-widget elementor-widget-text-editor\" data-id=\"53dfc26\" data-element_type=\"widget\" data-widget_type=\"text-editor.default\">\n\t\t\t\t<div class=\"elementor-widget-container\">\n\t\t\t\t\t\t\t<p style=\"text-align: center;\"><span style=\"color: #0000ff;\"><strong><a style=\"color: #0000ff;\" href=\"https:\/\/suio.com.uy\/suionew\/wp-content\/uploads\/2024\/11\/VI-2011.pdf\">VI REUNI\u00d3N ANUAL<\/a><\/strong><\/span><\/p><p style=\"text-align: center;\"><strong>30 de Julio 2011<\/strong><\/p><p style=\"text-align: center;\"><strong>Hotel NH Columbia<\/strong><\/p>\t\t\t\t\t\t<\/div>\n\t\t\t\t<\/div>\n\t\t\t\t<div class=\"elementor-element elementor-element-18ca170 elementor-widget elementor-widget-text-editor\" data-id=\"18ca170\" data-element_type=\"widget\" data-widget_type=\"text-editor.default\">\n\t\t\t\t<div class=\"elementor-widget-container\">\n\t\t\t\t\t\t\t<p style=\"text-align: center;\"><span style=\"color: #0000ff;\"><a style=\"color: #0000ff;\" href=\"https:\/\/suio.com.uy\/suionew\/wp-content\/uploads\/2024\/11\/V-2010.pdf\"><strong>V REUNI\u00d3N ANUAL<\/strong><\/a><\/span><\/p><p style=\"text-align: center;\"><strong>7 de Agosto 2010<\/strong><\/p><p style=\"text-align: center;\"><strong>Hotel NH Columbia<\/strong><\/p>\t\t\t\t\t\t<\/div>\n\t\t\t\t<\/div>\n\t\t\t\t<div class=\"elementor-element elementor-element-a7a4fd1 elementor-widget elementor-widget-text-editor\" data-id=\"a7a4fd1\" data-element_type=\"widget\" data-widget_type=\"text-editor.default\">\n\t\t\t\t<div class=\"elementor-widget-container\">\n\t\t\t\t\t\t\t<p style=\"text-align: center;\"><span style=\"color: #0000ff;\"><a style=\"color: #0000ff;\" href=\"https:\/\/suio.com.uy\/suionew\/wp-content\/uploads\/2024\/11\/IV-2009.pdf\"><strong>IV REUNI\u00d3N ANUAL<\/strong><\/a><\/span><\/p><p style=\"text-align: center;\"><strong>7 de Agosto 2009<\/strong><\/p><p style=\"text-align: center;\"><strong>Hotel NH Columbia<\/strong><\/p>\t\t\t\t\t\t<\/div>\n\t\t\t\t<\/div>\n\t\t\t\t<div class=\"elementor-element elementor-element-5a1d456 elementor-widget elementor-widget-text-editor\" data-id=\"5a1d456\" data-element_type=\"widget\" data-widget_type=\"text-editor.default\">\n\t\t\t\t<div class=\"elementor-widget-container\">\n\t\t\t\t\t\t\t<p style=\"text-align: center;\"><span style=\"color: #0000ff;\"><strong><a style=\"color: #0000ff;\" href=\"https:\/\/suio.com.uy\/suionew\/wp-content\/uploads\/2024\/11\/III-2008.pdf\">III REUNI\u00d3N ANUAL<\/a><\/strong><\/span><\/p><p style=\"text-align: center;\"><strong>8 de Agosto 2008<\/strong><\/p><p style=\"text-align: center;\"><strong>Hotel NH Columbia<\/strong><\/p>\t\t\t\t\t\t<\/div>\n\t\t\t\t<\/div>\n\t\t\t\t<div class=\"elementor-element elementor-element-bc12377 elementor-widget elementor-widget-text-editor\" data-id=\"bc12377\" data-element_type=\"widget\" data-widget_type=\"text-editor.default\">\n\t\t\t\t<div class=\"elementor-widget-container\">\n\t\t\t\t\t\t\t<p style=\"text-align: center;\"><span style=\"color: #0000ff;\"><strong><a style=\"color: #0000ff;\" href=\"https:\/\/suio.com.uy\/suionew\/wp-content\/uploads\/2024\/11\/II-2007.pdf\">II REUNI\u00d3N ANUAL<\/a><\/strong><\/span><\/p><p style=\"text-align: center;\"><strong>3 de Agosto 2007<\/strong><\/p><p style=\"text-align: center;\"><strong>Hotel NH Columbia<\/strong><\/p>\t\t\t\t\t\t<\/div>\n\t\t\t\t<\/div>\n\t\t\t\t<div class=\"elementor-element elementor-element-ad42c30 elementor-widget elementor-widget-text-editor\" data-id=\"ad42c30\" data-element_type=\"widget\" data-widget_type=\"text-editor.default\">\n\t\t\t\t<div class=\"elementor-widget-container\">\n\t\t\t\t\t\t\t<p style=\"text-align: center;\"><span style=\"color: #0000ff;\"><strong><a style=\"color: #0000ff;\" href=\"https:\/\/suio.com.uy\/suionew\/wp-content\/uploads\/2024\/11\/I-2006.pdf\">I REUN\u00d3N ANUAL<\/a><\/strong><\/span><b><a href=\"https:\/\/suio.com.uy\/suionew\/wp-content\/uploads\/2024\/11\/I-2006.pdf\"><br \/><\/a><span style=\"color: #000000;\">11 y 12 de Agosto 2006<\/span><br \/><span style=\"color: #000000;\">Facultad de Odontolog\u00eda, Udelar\u00a0<\/span><\/b><\/p><p style=\"text-align: center;\">\u00a0<\/p>\t\t\t\t\t\t<\/div>\n\t\t\t\t<\/div>\n\t\t\t\t\t<\/div>\n\t\t\t\t<\/div>\n\t\t\t\t<\/div>\n\t\t","protected":false},"excerpt":{"rendered":"<p class=\"tmnf_excerpt\">Libros de Abstracts Click para acceder a los programas XX REUNI\u00d3N ANUAL 15 y 16 de Agosto 2025 Hotel NH Columbia XIX REUNI\u00d3N ANUAL 16 y 17 de Agosto 2024 UCU Business School, Ucudal XVIII REUNI\u00d3N ANUAL 18 y 19 de Agosto 2023 Facultad de Odontolog\u00eda, Udelar XVII REUNI\u00d3N ANUAL 12 y 13 de Agosto\n<\/p>","protected":false},"author":1,"featured_media":0,"parent":0,"menu_order":0,"comment_status":"closed","ping_status":"closed","template":"template-fullwidth.php","meta":{"footnotes":""},"class_list":["post-11192","page","type-page","status-publish","hentry"],"_links":{"self":[{"href":"https:\/\/suio.com.uy\/suionew\/index.php\/wp-json\/wp\/v2\/pages\/11192","targetHints":{"allow":["GET"]}}],"collection":[{"href":"https:\/\/suio.com.uy\/suionew\/index.php\/wp-json\/wp\/v2\/pages"}],"about":[{"href":"https:\/\/suio.com.uy\/suionew\/index.php\/wp-json\/wp\/v2\/types\/page"}],"author":[{"embeddable":true,"href":"https:\/\/suio.com.uy\/suionew\/index.php\/wp-json\/wp\/v2\/users\/1"}],"replies":[{"embeddable":true,"href":"https:\/\/suio.com.uy\/suionew\/index.php\/wp-json\/wp\/v2\/comments?post=11192"}],"version-history":[{"count":26,"href":"https:\/\/suio.com.uy\/suionew\/index.php\/wp-json\/wp\/v2\/pages\/11192\/revisions"}],"predecessor-version":[{"id":12240,"href":"https:\/\/suio.com.uy\/suionew\/index.php\/wp-json\/wp\/v2\/pages\/11192\/revisions\/12240"}],"wp:attachment":[{"href":"https:\/\/suio.com.uy\/suionew\/index.php\/wp-json\/wp\/v2\/media?parent=11192"}],"curies":[{"name":"wp","href":"https:\/\/api.w.org\/{rel}","templated":true}]}}