{"id":691,"date":"2015-08-06T08:20:16","date_gmt":"2015-08-06T08:20:16","guid":{"rendered":"http:\/\/capethemes.com\/demo\/industry\/?page_id=691"},"modified":"2025-11-13T00:53:13","modified_gmt":"2025-11-13T00:53:13","slug":"membresias","status":"publish","type":"page","link":"https:\/\/suio.com.uy\/suionew\/index.php\/membresias\/","title":{"rendered":"Membres\u00edas"},"content":{"rendered":"\t\t<div data-elementor-type=\"wp-page\" data-elementor-id=\"691\" class=\"elementor elementor-691\">\n\t\t\t\t<div class=\"elementor-element elementor-element-e2483c0 e-flex e-con-boxed e-con e-parent\" data-id=\"e2483c0\" data-element_type=\"container\">\n\t\t\t\t\t<div class=\"e-con-inner\">\n\t\t<div class=\"elementor-element elementor-element-04983b9 e-con-full e-flex e-con e-child\" data-id=\"04983b9\" data-element_type=\"container\">\n\t\t\t\t<div class=\"elementor-element elementor-element-78dd626 elementor-widget elementor-widget-text-editor\" data-id=\"78dd626\" data-element_type=\"widget\" data-widget_type=\"text-editor.default\">\n\t\t\t\t<div class=\"elementor-widget-container\">\n\t\t\t\t\t\t\t<h4><b><u>Membres\u00eda 2026<\/u><\/b><\/h4><p><span style=\"font-weight: 400;\">\u00a0<\/span><\/p><p><span style=\"font-weight: 400;\">Estimados\u00a0 socios SUIO \/ IADR y amigos de\u00a0 nuestra asociaci\u00f3n:<\/span><\/p><p><span style=\"font-weight: 400; text-align: var(--text-align);\">\u00a0<\/span><\/p><p><span style=\"font-weight: 400; text-align: var(--text-align);\">Comenzamos la renovaci\u00f3n de membres\u00edas y nuevos miembros para IADR\/SUIO 2026.<\/span><\/p><p><span style=\"font-weight: 400; text-align: var(--text-align);\">\u00a0<\/span><\/p><p><span style=\"font-weight: 400; color: #ff0000;\">\u00a1Nuevamente gracias al apoyo de Colgate\u00a0<\/span><\/p><p><span style=\"font-weight: 400; color: #ff0000;\">las membres\u00edas ser\u00e1n bonificadas!<\/span><\/p><p><span style=\"color: #ff0000;\">El costo de la membres\u00eda anual IADR + SUIO ser\u00e1 de USD 100<br \/>UNICO PLAZO HASTA EL 21 DE DICIEMBRE DE 2025!!<\/span><\/p><p><span style=\"color: #0000ff;\">\u00a0<\/span><\/p><p><span style=\"color: #0000ff;\">Para membres\u00edas \u00fanicamente SUIO las categor\u00edas ser\u00e1n:<\/span><\/p><p><span style=\"background-color: #ffffff; color: #0000ff; font-family: Roboto, Arial, sans-serif; font-size: 11pt; font-weight: 400; letter-spacing: 0px; text-align: start; white-space-collapse: preserve;\">&#8211; Egresados (todas las profesiones) y Estudiantes de posgrado ($u 1500).<\/span><\/p><p><span style=\"color: #0000ff; font-family: Roboto, Arial, sans-serif; font-size: 11pt; letter-spacing: 0px; white-space-collapse: preserve; text-align: left;\">&#8211; Estudiantes de grado ($u 750).<\/span><\/p><p><span style=\"font-weight: 400;\">\u00a0<\/span><\/p><p><span style=\"font-weight: 400;\"><u>Este a\u00f1o el registro se realizar\u00e1 mediante formulario online disponible en el siguiente link.<\/u><\/span><span style=\"font-weight: 400;\">\u00a0<\/span><\/p><h4><span style=\"color: #0000ff;\"><a style=\"color: #0000ff;\" href=\"https:\/\/forms.gle\/yiNz9xivfN3CsRMT7\"><span style=\"font-weight: 400;\">FORMULARIO DE REGISTRO PARA MEMBRES\u00cdA<\/span><\/a><\/span><\/h4><div>\u00a0<\/div><h5>\u00a0<strong><span style=\"font-style: normal; color: #ff0000; text-transform: uppercase;\">CUENTAS SANTANDER<\/span><\/strong><\/h5><h5 class=\"cvGsUA direction-ltr align-center para-style-body\" style=\"color: #000000; font-family: 'YADK33NtWOE 0', _fb_, auto; --cyv3zq: 29.0638px; --gjplxq: 1.09; text-transform: uppercase; line-height: 31px;\"><strong><span class=\"OYPEnA font-feature-liga-off font-feature-clig-off font-feature-calt-off text-decoration-none text-strikethrough-none\" style=\"font-style: normal; font-kerning: none; color: #ff0000;\">$u SUC: 0012 CTA: 00000044255<br \/><\/span><\/strong><\/h5><h5 class=\"cvGsUA direction-ltr align-center para-style-body\" style=\"color: #000000; font-family: 'YADK33NtWOE 0', _fb_, auto; --cyv3zq: 29.0638px; --gjplxq: 1.09; text-transform: uppercase; line-height: 31px;\"><strong><span class=\"OYPEnA font-feature-liga-off font-feature-clig-off font-feature-calt-off text-decoration-none text-strikethrough-none\" style=\"font-style: normal; font-kerning: none; color: #ff0000;\">U$S SUC: 0012 CTA: <span class=\"OYPEnA font-feature-liga-off font-feature-clig-off font-feature-calt-off text-decoration-none text-strikethrough-none\">005100410259<\/span><\/span><\/strong><\/h5><div>\u00a0<\/div><div><strong><span class=\"OYPEnA font-feature-liga-off font-feature-clig-off font-feature-calt-off text-decoration-none text-strikethrough-none\" style=\"font-style: normal; font-kerning: none; color: #ff0000;\">Enviar comprobante a:<\/span><\/strong><br \/><strong><span class=\"OYPEnA font-feature-liga-off font-feature-clig-off font-feature-calt-off text-decoration-none text-strikethrough-none\" style=\"font-style: normal; font-kerning: none; color: #ff0000;\">sociedadsuio@gmail.com<\/span><\/strong><\/div><div><strong><span class=\"OYPEnA font-feature-liga-off font-feature-clig-off font-feature-calt-off text-decoration-none text-strikethrough-none\" style=\"font-style: normal; font-kerning: none; color: #ff0000;\">\u00a0<\/span><\/strong><\/div><p><strong>Sigamos construyendo la SUIO juntos!<\/strong><\/p>\t\t\t\t\t\t<\/div>\n\t\t\t\t<\/div>\n\t\t\t\t<\/div>\n\t\t<div class=\"elementor-element elementor-element-b771f0a e-con-full e-flex e-con e-child\" data-id=\"b771f0a\" data-element_type=\"container\">\n\t\t\t\t<div class=\"elementor-element elementor-element-cf50145 elementor-widget elementor-widget-image\" data-id=\"cf50145\" data-element_type=\"widget\" data-widget_type=\"image.default\">\n\t\t\t\t<div class=\"elementor-widget-container\">\n\t\t\t\t\t\t\t\t\t\t\t\t\t\t<a href=\"https:\/\/forms.gle\/yiNz9xivfN3CsRMT7\">\n\t\t\t\t\t\t\t<img fetchpriority=\"high\" decoding=\"async\" width=\"724\" height=\"1024\" src=\"https:\/\/suio.com.uy\/suionew\/wp-content\/uploads\/2025\/11\/MEMBRESIA-SUIO-2026-724x1024.png\" class=\"attachment-large size-large wp-image-12208\" alt=\"\" srcset=\"https:\/\/suio.com.uy\/suionew\/wp-content\/uploads\/2025\/11\/MEMBRESIA-SUIO-2026-724x1024.png 724w, https:\/\/suio.com.uy\/suionew\/wp-content\/uploads\/2025\/11\/MEMBRESIA-SUIO-2026-212x300.png 212w, https:\/\/suio.com.uy\/suionew\/wp-content\/uploads\/2025\/11\/MEMBRESIA-SUIO-2026-768x1086.png 768w, https:\/\/suio.com.uy\/suionew\/wp-content\/uploads\/2025\/11\/MEMBRESIA-SUIO-2026-1086x1536.png 1086w, https:\/\/suio.com.uy\/suionew\/wp-content\/uploads\/2025\/11\/MEMBRESIA-SUIO-2026.png 1414w\" sizes=\"(max-width: 724px) 100vw, 724px\" \/>\t\t\t\t\t\t\t\t<\/a>\n\t\t\t\t\t\t\t\t\t\t\t\t\t<\/div>\n\t\t\t\t<\/div>\n\t\t\t\t<\/div>\n\t\t\t\t\t<\/div>\n\t\t\t\t<\/div>\n\t\t\t\t<\/div>\n\t\t","protected":false},"excerpt":{"rendered":"<p class=\"tmnf_excerpt\">Membres\u00eda 2026 \u00a0 Estimados\u00a0 socios SUIO \/ IADR y amigos de\u00a0 nuestra asociaci\u00f3n: \u00a0 Comenzamos la renovaci\u00f3n de membres\u00edas y nuevos miembros para IADR\/SUIO 2026. \u00a0 \u00a1Nuevamente gracias al apoyo de Colgate\u00a0 las membres\u00edas ser\u00e1n bonificadas! El costo de la membres\u00eda anual IADR + SUIO ser\u00e1 de USD 100UNICO PLAZO HASTA EL 21 DE DICIEMBRE\n<\/p>","protected":false},"author":1,"featured_media":0,"parent":0,"menu_order":0,"comment_status":"closed","ping_status":"closed","template":"template-fullwidth.php","meta":{"footnotes":""},"class_list":["post-691","page","type-page","status-publish","hentry"],"_links":{"self":[{"href":"https:\/\/suio.com.uy\/suionew\/index.php\/wp-json\/wp\/v2\/pages\/691","targetHints":{"allow":["GET"]}}],"collection":[{"href":"https:\/\/suio.com.uy\/suionew\/index.php\/wp-json\/wp\/v2\/pages"}],"about":[{"href":"https:\/\/suio.com.uy\/suionew\/index.php\/wp-json\/wp\/v2\/types\/page"}],"author":[{"embeddable":true,"href":"https:\/\/suio.com.uy\/suionew\/index.php\/wp-json\/wp\/v2\/users\/1"}],"replies":[{"embeddable":true,"href":"https:\/\/suio.com.uy\/suionew\/index.php\/wp-json\/wp\/v2\/comments?post=691"}],"version-history":[{"count":46,"href":"https:\/\/suio.com.uy\/suionew\/index.php\/wp-json\/wp\/v2\/pages\/691\/revisions"}],"predecessor-version":[{"id":12214,"href":"https:\/\/suio.com.uy\/suionew\/index.php\/wp-json\/wp\/v2\/pages\/691\/revisions\/12214"}],"wp:attachment":[{"href":"https:\/\/suio.com.uy\/suionew\/index.php\/wp-json\/wp\/v2\/media?parent=691"}],"curies":[{"name":"wp","href":"https:\/\/api.w.org\/{rel}","templated":true}]}}