{"id":9144,"date":"2024-10-17T09:01:52","date_gmt":"2024-10-17T09:01:52","guid":{"rendered":"https:\/\/demo.themnific.com\/chemid\/?page_id=9144"},"modified":"2026-03-10T19:51:08","modified_gmt":"2026-03-10T19:51:08","slug":"homepage-2","status":"publish","type":"page","link":"https:\/\/suio.com.uy\/suionew\/","title":{"rendered":"Inicio"},"content":{"rendered":"\t\t<div data-elementor-type=\"wp-page\" data-elementor-id=\"9144\" class=\"elementor elementor-9144\">\n\t\t\t\t<div class=\"elementor-element elementor-element-824f31a e-flex e-con-boxed e-con e-parent\" data-id=\"824f31a\" data-element_type=\"container\">\n\t\t\t\t\t<div class=\"e-con-inner\">\n\t\t<div class=\"elementor-element elementor-element-e30bbd9 e-con-full e-flex e-con e-child\" data-id=\"e30bbd9\" data-element_type=\"container\">\n\t\t\t\t<div class=\"elementor-element elementor-element-fd3bfcd elementor-widget elementor-widget-html\" data-id=\"fd3bfcd\" data-element_type=\"widget\" data-widget_type=\"html.default\">\n\t\t\t\t<div class=\"elementor-widget-container\">\n\t\t\t<style>.swiper-slide-image{cursor: pointer;} <\/style>\r\n\r\n<script>\r\ndocument.addEventListener('DOMContentLoaded', function () {\r\n\r\n\/* Edit the URL Links Here *\/\r\nlet links = [\r\n    'https:\/\/suio.com.uy\/suionew\/index.php\/membresias\/',\r\n    'mailto:laurenschuch@odon.edu.uy',\r\n    'ACA AGREGAS OTRO LINK ENTRE COMILLAS',\r\n];\r\n\r\ndocument.body.addEventListener('click', function (e) {\r\n    if (e.target.closest('.carousel-links .swiper-slide')){\r\n    let i = e.target.closest('.swiper-slide').getAttribute(\"data-swiper-slide-index\");\r\n    if (links[i] && links[i].length > 2){\r\n    window.open(links[i],\"_self\");\r\n    }\r\n    }\r\n});\r\n});\r\n<\/script>\t\t<\/div>\n\t\t\t\t<\/div>\n\t\t\t\t<div class=\"elementor-element elementor-element-564f6d5 elementor-widget__width-initial carousel-links elementor-arrows-position-inside elementor-widget elementor-widget-image-carousel\" data-id=\"564f6d5\" data-element_type=\"widget\" data-settings=\"{&quot;slides_to_show&quot;:&quot;1&quot;,&quot;navigation&quot;:&quot;arrows&quot;,&quot;autoplay&quot;:&quot;yes&quot;,&quot;pause_on_hover&quot;:&quot;yes&quot;,&quot;pause_on_interaction&quot;:&quot;yes&quot;,&quot;autoplay_speed&quot;:5000,&quot;infinite&quot;:&quot;yes&quot;,&quot;effect&quot;:&quot;slide&quot;,&quot;speed&quot;:500}\" data-widget_type=\"image-carousel.default\">\n\t\t\t\t<div class=\"elementor-widget-container\">\n\t\t\t\t\t<div class=\"elementor-image-carousel-wrapper swiper\" dir=\"ltr\">\n\t\t\t<div class=\"elementor-image-carousel swiper-wrapper\" aria-live=\"off\">\n\t\t\t\t\t\t\t\t<div class=\"swiper-slide\" role=\"group\" aria-roledescription=\"slide\" aria-label=\"1 de 2\"><a data-elementor-open-lightbox=\"yes\" data-elementor-lightbox-slideshow=\"564f6d5\" data-elementor-lightbox-title=\"Flyer College\" data-e-action-hash=\"#elementor-action%3Aaction%3Dlightbox%26settings%3DeyJpZCI6MTIyMTgsInVybCI6Imh0dHBzOlwvXC9zdWlvLmNvbS51eVwvc3Vpb25ld1wvd3AtY29udGVudFwvdXBsb2Fkc1wvMjAyNlwvMDNcL0ZseWVyLUNvbGxlZ2UuanBlZyIsInNsaWRlc2hvdyI6IjU2NGY2ZDUifQ%3D%3D\" href=\"https:\/\/suio.com.uy\/suionew\/index.php\/membresias\/\"><figure class=\"swiper-slide-inner\"><img decoding=\"async\" class=\"swiper-slide-image\" src=\"https:\/\/suio.com.uy\/suionew\/wp-content\/uploads\/2026\/03\/Flyer-College-768x960.jpeg\" alt=\"Flyer College\" \/><\/figure><\/a><\/div><div class=\"swiper-slide\" role=\"group\" aria-roledescription=\"slide\" aria-label=\"2 de 2\"><a data-elementor-open-lightbox=\"yes\" data-elementor-lightbox-slideshow=\"564f6d5\" data-elementor-lightbox-title=\"image (11)\" data-e-action-hash=\"#elementor-action%3Aaction%3Dlightbox%26settings%3DeyJpZCI6MTIyMjAsInVybCI6Imh0dHBzOlwvXC9zdWlvLmNvbS51eVwvc3Vpb25ld1wvd3AtY29udGVudFwvdXBsb2Fkc1wvMjAyNlwvMDNcL2ltYWdlLTExLTEucG5nIiwic2xpZGVzaG93IjoiNTY0ZjZkNSJ9\" href=\"https:\/\/suio.com.uy\/suionew\/index.php\/membresias\/\"><figure class=\"swiper-slide-inner\"><img decoding=\"async\" class=\"swiper-slide-image\" src=\"https:\/\/suio.com.uy\/suionew\/wp-content\/uploads\/2026\/03\/image-11-1-768x960.png\" alt=\"image (11)\" \/><\/figure><\/a><\/div>\t\t\t<\/div>\n\t\t\t\t\t\t\t\t\t\t\t\t<div class=\"elementor-swiper-button elementor-swiper-button-prev\" role=\"button\" tabindex=\"0\">\n\t\t\t\t\t\t<svg aria-hidden=\"true\" class=\"e-font-icon-svg e-fas-arrow-left\" viewBox=\"0 0 448 512\" xmlns=\"http:\/\/www.w3.org\/2000\/svg\"><path d=\"M257.5 445.1l-22.2 22.2c-9.4 9.4-24.6 9.4-33.9 0L7 273c-9.4-9.4-9.4-24.6 0-33.9L201.4 44.7c9.4-9.4 24.6-9.4 33.9 0l22.2 22.2c9.5 9.5 9.3 25-.4 34.3L136.6 216H424c13.3 0 24 10.7 24 24v32c0 13.3-10.7 24-24 24H136.6l120.5 114.8c9.8 9.3 10 24.8.4 34.3z\"><\/path><\/svg>\t\t\t\t\t<\/div>\n\t\t\t\t\t<div class=\"elementor-swiper-button elementor-swiper-button-next\" role=\"button\" tabindex=\"0\">\n\t\t\t\t\t\t<svg aria-hidden=\"true\" class=\"e-font-icon-svg e-fas-arrow-right\" viewBox=\"0 0 448 512\" xmlns=\"http:\/\/www.w3.org\/2000\/svg\"><path d=\"M190.5 66.9l22.2-22.2c9.4-9.4 24.6-9.4 33.9 0L441 239c9.4 9.4 9.4 24.6 0 33.9L246.6 467.3c-9.4 9.4-24.6 9.4-33.9 0l-22.2-22.2c-9.5-9.5-9.3-25 .4-34.3L311.4 296H24c-13.3 0-24-10.7-24-24v-32c0-13.3 10.7-24 24-24h287.4L190.9 101.2c-9.8-9.3-10-24.8-.4-34.3z\"><\/path><\/svg>\t\t\t\t\t<\/div>\n\t\t\t\t\n\t\t\t\t\t\t\t\t\t<\/div>\n\t\t\t\t<\/div>\n\t\t\t\t<\/div>\n\t\t\t\t<\/div>\n\t\t\t\t\t<\/div>\n\t\t\t\t<\/div>\n\t\t<div class=\"elementor-element elementor-element-4c8e1e1 e-flex e-con-boxed e-con e-parent\" data-id=\"4c8e1e1\" data-element_type=\"container\" data-settings=\"{&quot;background_background&quot;:&quot;classic&quot;}\">\n\t\t\t\t\t<div class=\"e-con-inner\">\n\t\t<a class=\"elementor-element elementor-element-b20d904 e-con-full e-flex e-con e-child\" data-id=\"b20d904\" data-element_type=\"container\" data-settings=\"{&quot;background_background&quot;:&quot;classic&quot;}\" href=\"https:\/\/suio.com.uy\/suionew\/index.php\/socios\/membresias\/\">\n\t\t\t\t<div class=\"elementor-element elementor-element-d757947 tmnf_img_box elementor-position-top elementor-widget elementor-widget-image-box\" data-id=\"d757947\" data-element_type=\"widget\" data-widget_type=\"image-box.default\">\n\t\t\t\t<div class=\"elementor-widget-container\">\n\t\t\t<div class=\"elementor-image-box-wrapper\"><figure class=\"elementor-image-box-img\"><img decoding=\"async\" width=\"150\" height=\"150\" src=\"https:\/\/suio.com.uy\/suionew\/wp-content\/uploads\/2024\/11\/membresia.png\" class=\"attachment-full size-full wp-image-11440\" alt=\"\" \/><\/figure><div class=\"elementor-image-box-content\"><h3 class=\"elementor-image-box-title\"><h3 class=\"elementor-image-box-title elementor-inline-editing pen\" data-elementor-setting-key=\"title_text\" data-elementor-inline-editing-toolbar=\"none\" data-pen-placeholder=\"Teclea aqu\u00ed...\" style=\"font-variant-ligatures: normal; font-variant-caps: normal;\">Membres\u00cda 2025<\/h3><\/h3><p class=\"elementor-image-box-description\"><span style=\"font-family: &quot;Reddit Sans&quot;; font-size: 15px; font-style: normal; font-variant-ligatures: normal; font-variant-caps: normal; font-weight: 400;\">Nuevamente gracias al apoyo de Colgate; bonificamos las membresias SUIO - IADR 2025!<\/span><span style=\"font-family: &quot;Reddit Sans&quot;; font-size: 15px; font-style: normal; font-variant-ligatures: normal; font-variant-caps: normal; font-weight: 400;\"><\/span><\/p><\/div><\/div>\t\t<\/div>\n\t\t\t\t<\/div>\n\t\t\t\t<div class=\"elementor-element elementor-element-8163ef0 elementor-widget__width-auto elementor-widget elementor-widget-heading\" data-id=\"8163ef0\" data-element_type=\"widget\" data-widget_type=\"heading.default\">\n\t\t\t\t<div class=\"elementor-widget-container\">\n\t\t\t<p class=\"elementor-heading-title elementor-size-default\"><span style=\", sans-serif;font-size: 11px;font-style: normal;font-weight: 700;letter-spacing: 2.9px\">Asociarme  <\/span><span style=\", sans-serif;font-size: 11px;font-style: normal;font-weight: 700;letter-spacing: 2.9px\">\u2192<\/span><\/p>\t\t<\/div>\n\t\t\t\t<\/div>\n\t\t\t\t<\/a>\n\t\t<a class=\"elementor-element elementor-element-3f9802f e-con-full e-flex e-con e-child\" data-id=\"3f9802f\" data-element_type=\"container\" data-settings=\"{&quot;background_background&quot;:&quot;classic&quot;}\" href=\"https:\/\/suio.com.uy\/suionew\/index.php\/reunion-actual\/\">\n\t\t\t\t<div class=\"elementor-element elementor-element-2de1489 tmnf_img_box elementor-position-top elementor-widget elementor-widget-image-box\" data-id=\"2de1489\" data-element_type=\"widget\" data-widget_type=\"image-box.default\">\n\t\t\t\t<div class=\"elementor-widget-container\">\n\t\t\t<div class=\"elementor-image-box-wrapper\"><figure class=\"elementor-image-box-img\"><img decoding=\"async\" width=\"150\" height=\"150\" src=\"https:\/\/suio.com.uy\/suionew\/wp-content\/uploads\/2024\/11\/reunionanual.png\" class=\"attachment-full size-full wp-image-11442\" alt=\"\" \/><\/figure><div class=\"elementor-image-box-content\"><h3 class=\"elementor-image-box-title\">XX Reuni\u00f3n Anual 2025<\/h3><p class=\"elementor-image-box-description\">Enterate de todas las novedades sobre la <br>XX Reuni\u00f3n Anual 2025.<\/p><\/div><\/div>\t\t<\/div>\n\t\t\t\t<\/div>\n\t\t\t\t<div class=\"elementor-element elementor-element-9748a10 elementor-widget__width-auto elementor-widget elementor-widget-heading\" data-id=\"9748a10\" data-element_type=\"widget\" data-widget_type=\"heading.default\">\n\t\t\t\t<div class=\"elementor-widget-container\">\n\t\t\t<p class=\"elementor-heading-title elementor-size-default\">Ver m\u00c1s <span style=\", sans-serif;font-size: 11px;font-style: normal;font-weight: 700;letter-spacing: 2.9px\">\u2192<\/span><\/p>\t\t<\/div>\n\t\t\t\t<\/div>\n\t\t\t\t<\/a>\n\t\t<a class=\"elementor-element elementor-element-f8fe4ba e-con-full e-flex e-con e-child\" data-id=\"f8fe4ba\" data-element_type=\"container\" data-settings=\"{&quot;background_background&quot;:&quot;classic&quot;}\" href=\"https:\/\/odon.edu.uy\/ojs\/index.php\/ode\">\n\t\t\t\t<div class=\"elementor-element elementor-element-140a628 tmnf_img_box elementor-position-top elementor-widget elementor-widget-image-box\" data-id=\"140a628\" data-element_type=\"widget\" data-widget_type=\"image-box.default\">\n\t\t\t\t<div class=\"elementor-widget-container\">\n\t\t\t<div class=\"elementor-image-box-wrapper\"><figure class=\"elementor-image-box-img\"><img decoding=\"async\" width=\"150\" height=\"150\" src=\"https:\/\/suio.com.uy\/suionew\/wp-content\/uploads\/2024\/11\/librillo.png\" class=\"attachment-full size-full wp-image-11439\" alt=\"\" \/><\/figure><div class=\"elementor-image-box-content\"><h3 class=\"elementor-image-box-title\">Odontoestomatolog\u00eda<\/h3><p class=\"elementor-image-box-description\">La revista cient\u00edfica ODONTOESTOMATOLOG\u00cdA es el \u00f3rgano de difusi\u00f3n oficial de la SUIO<\/p><\/div><\/div>\t\t<\/div>\n\t\t\t\t<\/div>\n\t\t\t\t<div class=\"elementor-element elementor-element-5ae5010 elementor-widget__width-auto elementor-widget elementor-widget-heading\" data-id=\"5ae5010\" data-element_type=\"widget\" data-widget_type=\"heading.default\">\n\t\t\t\t<div class=\"elementor-widget-container\">\n\t\t\t<p class=\"elementor-heading-title elementor-size-default\">Ir a la revista <span style=\", sans-serif;font-size: 11px;font-style: normal;font-weight: 700;letter-spacing: 2.9px\">\u2192<\/span><\/p>\t\t<\/div>\n\t\t\t\t<\/div>\n\t\t\t\t<\/a>\n\t\t<a class=\"elementor-element elementor-element-2f468c6 e-con-full e-flex e-con e-child\" data-id=\"2f468c6\" data-element_type=\"container\" data-settings=\"{&quot;background_background&quot;:&quot;classic&quot;}\" href=\"https:\/\/suio.com.uy\/suionew\/index.php\/premios-distinciones\/\">\n\t\t\t\t<div class=\"elementor-element elementor-element-c009c76 tmnf_img_box elementor-position-top elementor-widget elementor-widget-image-box\" data-id=\"c009c76\" data-element_type=\"widget\" data-widget_type=\"image-box.default\">\n\t\t\t\t<div class=\"elementor-widget-container\">\n\t\t\t<div class=\"elementor-image-box-wrapper\"><figure class=\"elementor-image-box-img\"><img loading=\"lazy\" decoding=\"async\" width=\"150\" height=\"150\" src=\"https:\/\/suio.com.uy\/suionew\/wp-content\/uploads\/2024\/11\/premios.png\" class=\"attachment-full size-full wp-image-11441\" alt=\"\" \/><\/figure><div class=\"elementor-image-box-content\"><h3 class=\"elementor-image-box-title\">PREMIOS Y DISTINCIONES<\/h3><p class=\"elementor-image-box-description\">Enterate de los premios y distinciones otorgados en las Reuniones Anuales SUIO!<\/p><\/div><\/div>\t\t<\/div>\n\t\t\t\t<\/div>\n\t\t\t\t<div class=\"elementor-element elementor-element-fcd3a6c elementor-widget__width-auto elementor-widget elementor-widget-heading\" data-id=\"fcd3a6c\" data-element_type=\"widget\" data-widget_type=\"heading.default\">\n\t\t\t\t<div class=\"elementor-widget-container\">\n\t\t\t<p class=\"elementor-heading-title elementor-size-default\">Ver m\u00c1s <span style=\", sans-serif;font-size: 11px;font-style: normal;font-weight: 700;letter-spacing: 2.9px\">\u2192<\/span><\/p>\t\t<\/div>\n\t\t\t\t<\/div>\n\t\t\t\t<\/a>\n\t\t<a class=\"elementor-element elementor-element-e24a80c e-con-full e-flex e-con e-child\" data-id=\"e24a80c\" data-element_type=\"container\" data-settings=\"{&quot;background_background&quot;:&quot;classic&quot;}\" href=\"https:\/\/suio.com.uy\/suionew\/index.php\/competencia-hatton\/\">\n\t\t\t\t<div class=\"elementor-element elementor-element-234bc53 tmnf_img_box elementor-position-top elementor-widget elementor-widget-image-box\" data-id=\"234bc53\" data-element_type=\"widget\" data-widget_type=\"image-box.default\">\n\t\t\t\t<div class=\"elementor-widget-container\">\n\t\t\t<div class=\"elementor-image-box-wrapper\"><figure class=\"elementor-image-box-img\"><img loading=\"lazy\" decoding=\"async\" width=\"626\" height=\"626\" src=\"https:\/\/suio.com.uy\/suionew\/wp-content\/uploads\/2024\/11\/competencia.png\" class=\"attachment-full size-full wp-image-11449\" alt=\"\" srcset=\"https:\/\/suio.com.uy\/suionew\/wp-content\/uploads\/2024\/11\/competencia.png 626w, https:\/\/suio.com.uy\/suionew\/wp-content\/uploads\/2024\/11\/competencia-300x300.png 300w, https:\/\/suio.com.uy\/suionew\/wp-content\/uploads\/2024\/11\/competencia-150x150.png 150w\" sizes=\"(max-width: 626px) 100vw, 626px\" \/><\/figure><div class=\"elementor-image-box-content\"><h3 class=\"elementor-image-box-title\">Competencia Hatton<\/h3><p class=\"elementor-image-box-description\">Enterate de los seleccionados para repesentar a la SUIO en la competencia Hatton en la IADR! <\/p><\/div><\/div>\t\t<\/div>\n\t\t\t\t<\/div>\n\t\t\t\t<div class=\"elementor-element elementor-element-5d37d84 elementor-widget__width-auto elementor-widget elementor-widget-heading\" data-id=\"5d37d84\" data-element_type=\"widget\" data-widget_type=\"heading.default\">\n\t\t\t\t<div class=\"elementor-widget-container\">\n\t\t\t<p class=\"elementor-heading-title elementor-size-default\">Ver M\u00c1s <span style=\", sans-serif;font-size: 11px;font-style: normal;font-weight: 700;letter-spacing: 2.9px\">\u2192<\/span><\/p>\t\t<\/div>\n\t\t\t\t<\/div>\n\t\t\t\t<\/a>\n\t\t\t\t\t<\/div>\n\t\t\t\t<\/div>\n\t\t\t\t<\/div>\n\t\t","protected":false},"excerpt":{"rendered":"<p class=\"tmnf_excerpt\">Membres\u00cda 2025 Nuevamente gracias al apoyo de Colgate; bonificamos las membresias SUIO &#8211; IADR 2025! Asociarme \u2192 XX Reuni\u00f3n Anual 2025 Enterate de todas las novedades sobre la XX Reuni\u00f3n Anual 2025. Ver m\u00c1s \u2192 Odontoestomatolog\u00eda La revista cient\u00edfica ODONTOESTOMATOLOG\u00cdA es el \u00f3rgano de difusi\u00f3n oficial de la SUIO Ir a la revista \u2192 PREMIOS\n<\/p>","protected":false},"author":1,"featured_media":0,"parent":0,"menu_order":0,"comment_status":"closed","ping_status":"closed","template":"elementor_header_footer","meta":{"footnotes":""},"class_list":["post-9144","page","type-page","status-publish","hentry"],"_links":{"self":[{"href":"https:\/\/suio.com.uy\/suionew\/index.php\/wp-json\/wp\/v2\/pages\/9144","targetHints":{"allow":["GET"]}}],"collection":[{"href":"https:\/\/suio.com.uy\/suionew\/index.php\/wp-json\/wp\/v2\/pages"}],"about":[{"href":"https:\/\/suio.com.uy\/suionew\/index.php\/wp-json\/wp\/v2\/types\/page"}],"author":[{"embeddable":true,"href":"https:\/\/suio.com.uy\/suionew\/index.php\/wp-json\/wp\/v2\/users\/1"}],"replies":[{"embeddable":true,"href":"https:\/\/suio.com.uy\/suionew\/index.php\/wp-json\/wp\/v2\/comments?post=9144"}],"version-history":[{"count":191,"href":"https:\/\/suio.com.uy\/suionew\/index.php\/wp-json\/wp\/v2\/pages\/9144\/revisions"}],"predecessor-version":[{"id":12223,"href":"https:\/\/suio.com.uy\/suionew\/index.php\/wp-json\/wp\/v2\/pages\/9144\/revisions\/12223"}],"wp:attachment":[{"href":"https:\/\/suio.com.uy\/suionew\/index.php\/wp-json\/wp\/v2\/media?parent=9144"}],"curies":[{"name":"wp","href":"https:\/\/api.w.org\/{rel}","templated":true}]}}